{"id":19,"date":"2019-09-25T12:13:27","date_gmt":"2019-09-25T12:13:27","guid":{"rendered":"http:\/\/physiowerk-badditzenbach.de\/?page_id=19"},"modified":"2025-10-12T11:49:08","modified_gmt":"2025-10-12T11:49:08","slug":"physiotherapie","status":"publish","type":"page","link":"https:\/\/physiowerk-badditzenbach.de\/?page_id=19","title":{"rendered":"Physiotherapie"},"content":{"rendered":"\n<p class=\"has-text-color\" style=\"color:#47d328\"><em>\u201eGesundheit ist ein Geschenk, das man sich selber machen muss.&#8220; <\/em><br><em>&#8211; Schwedisches Sprichwort<\/em><\/p>\n\n\n\n<p>Die Physiotherapie schlie\u00dft alle Strukturen und Funktionen des menschlichen K\u00f6rpers, die im Zusammenhang mit dem Bewegungsapparat stehen, mit ein. Dazu z\u00e4hlen die Muskeln, die Gelenke, die Knochen, das Nervensystem und das Herz-Kreislaufsystem. <\/p>\n\n\n\n<p>Unser Ziel ist eine nachhaltige Verbesserung und Optimierung der K\u00f6rperfunktion. Im Mittelpunkt steht der Patient und eine aktive Physiotherapie. <br>Durch modernste Behandlungsmethoden erkennen wir Defizite und behandeln gezielt die Ursache Ihrer Beschwerden.<\/p>\n\n\n\n<figure class=\"wp-block-gallery aligncenter has-nested-images columns-default is-cropped wp-block-gallery-1 is-layout-flex wp-block-gallery-is-layout-flex\">\n<figure class=\"wp-block-image size-large\"><img loading=\"lazy\" decoding=\"async\" width=\"1024\" height=\"251\" data-id=\"288\" src=\"https:\/\/physiowerk-badditzenbach.de\/wp-content\/uploads\/2021\/08\/Ohne-Titel-2-1-1024x251.jpg\" alt=\"\" class=\"wp-image-288\" srcset=\"https:\/\/physiowerk-badditzenbach.de\/wp-content\/uploads\/2021\/08\/Ohne-Titel-2-1-1024x251.jpg 1024w, https:\/\/physiowerk-badditzenbach.de\/wp-content\/uploads\/2021\/08\/Ohne-Titel-2-1-300x73.jpg 300w, https:\/\/physiowerk-badditzenbach.de\/wp-content\/uploads\/2021\/08\/Ohne-Titel-2-1-768x188.jpg 768w, https:\/\/physiowerk-badditzenbach.de\/wp-content\/uploads\/2021\/08\/Ohne-Titel-2-1.jpg 1226w\" sizes=\"(max-width: 767px) 89vw, (max-width: 1000px) 54vw, (max-width: 1071px) 543px, 580px\" \/><\/figure>\n<\/figure>\n\n\n\n<p><strong>Unsere Leistungen:<\/strong><\/p>\n\n\n\n<ul>\n<li>Krankengymnastik<\/li>\n\n\n\n<li>Manuelle Therapie<\/li>\n\n\n\n<li>Manuelle Lymphdrainage<\/li>\n\n\n\n<li>Krankengymnastik ZNS &#8211; PNF<\/li>\n\n\n\n<li>Krankengymnastik am Ger\u00e4t<\/li>\n\n\n\n<li>Klassische Massagetherapie<\/li>\n\n\n\n<li>Elektro-, Ultraschalltherapie<\/li>\n\n\n\n<li>W\u00e4rmetherapie (Fango, Rotlicht) <\/li>\n<\/ul>\n\n\n\n<ul>\n<li>Kinesiotaping<\/li>\n\n\n\n<li>Medical Flossing<\/li>\n\n\n\n<li>Personal Fitness<\/li>\n<\/ul>\n\n\n\n<figure class=\"wp-block-image size-large\"><img loading=\"lazy\" decoding=\"async\" width=\"1024\" height=\"217\" src=\"https:\/\/physiowerk-badditzenbach.de\/wp-content\/uploads\/2022\/07\/Physiotherapie-1024x217.jpg\" alt=\"\" class=\"wp-image-389\" srcset=\"https:\/\/physiowerk-badditzenbach.de\/wp-content\/uploads\/2022\/07\/Physiotherapie-1024x217.jpg 1024w, https:\/\/physiowerk-badditzenbach.de\/wp-content\/uploads\/2022\/07\/Physiotherapie-300x64.jpg 300w, https:\/\/physiowerk-badditzenbach.de\/wp-content\/uploads\/2022\/07\/Physiotherapie-768x163.jpg 768w, https:\/\/physiowerk-badditzenbach.de\/wp-content\/uploads\/2022\/07\/Physiotherapie.jpg 1437w\" sizes=\"(max-width: 767px) 89vw, (max-width: 1000px) 54vw, (max-width: 1071px) 543px, 580px\" \/><\/figure>\n","protected":false},"excerpt":{"rendered":"<p>\u201eGesundheit ist ein Geschenk, das man sich selber machen muss.&#8220; &#8211; Schwedisches Sprichwort Die Physiotherapie schlie\u00dft alle Strukturen und Funktionen des menschlichen K\u00f6rpers, die im Zusammenhang mit dem Bewegungsapparat stehen, mit ein. Dazu z\u00e4hlen die Muskeln, die Gelenke, die Knochen, das Nervensystem und das Herz-Kreislaufsystem. Unser Ziel ist eine nachhaltige Verbesserung und Optimierung der K\u00f6rperfunktion. &hellip; <\/p>\n<p class=\"link-more\"><a href=\"https:\/\/physiowerk-badditzenbach.de\/?page_id=19\" class=\"more-link\"><span class=\"screen-reader-text\">\u201ePhysiotherapie\u201c<\/span> weiterlesen<\/a><\/p>\n","protected":false},"author":1,"featured_media":0,"parent":0,"menu_order":0,"comment_status":"closed","ping_status":"closed","template":"","meta":{"footnotes":""},"_links":{"self":[{"href":"https:\/\/physiowerk-badditzenbach.de\/index.php?rest_route=\/wp\/v2\/pages\/19"}],"collection":[{"href":"https:\/\/physiowerk-badditzenbach.de\/index.php?rest_route=\/wp\/v2\/pages"}],"about":[{"href":"https:\/\/physiowerk-badditzenbach.de\/index.php?rest_route=\/wp\/v2\/types\/page"}],"author":[{"embeddable":true,"href":"https:\/\/physiowerk-badditzenbach.de\/index.php?rest_route=\/wp\/v2\/users\/1"}],"replies":[{"embeddable":true,"href":"https:\/\/physiowerk-badditzenbach.de\/index.php?rest_route=%2Fwp%2Fv2%2Fcomments&post=19"}],"version-history":[{"count":13,"href":"https:\/\/physiowerk-badditzenbach.de\/index.php?rest_route=\/wp\/v2\/pages\/19\/revisions"}],"predecessor-version":[{"id":453,"href":"https:\/\/physiowerk-badditzenbach.de\/index.php?rest_route=\/wp\/v2\/pages\/19\/revisions\/453"}],"wp:attachment":[{"href":"https:\/\/physiowerk-badditzenbach.de\/index.php?rest_route=%2Fwp%2Fv2%2Fmedia&parent=19"}],"curies":[{"name":"wp","href":"https:\/\/api.w.org\/{rel}","templated":true}]}}