{"id":301,"date":"2021-08-07T21:27:06","date_gmt":"2021-08-07T21:27:06","guid":{"rendered":"http:\/\/physiowerk-badditzenbach.de\/?page_id=301"},"modified":"2025-12-16T14:18:07","modified_gmt":"2025-12-16T14:18:07","slug":"news","status":"publish","type":"page","link":"https:\/\/physiowerk-badditzenbach.de\/?page_id=301","title":{"rendered":"Ern\u00e4hrungscoaching"},"content":{"rendered":"\n<p class=\"has-text-color has-link-color wp-elements-87f32da92dc5bd08e62ea8a89169ba58\" style=\"color:#00d111\">Individuelles Ern\u00e4hrungscoaching &#8211; abgestimmt auf Sie und ihren Lebensstil<\/p>\n\n\n\n<p>Unser Ern\u00e4hrungscoaching richtet sich ganz nach Ihnen als Mensch \u2013 mit all Ihren individuellen Bed\u00fcrfnissen, Ihrem Alltag und Ihren gesundheitlichen Voraussetzungen.<\/p>\n\n\n\n<p>Anhand einer ausf\u00fchrlichen Anamnese und Blutwertanalyse erstellen wir einen ma\u00dfgeschneiderten Ern\u00e4hrungsplan, der sich problemlos in Ihren Alltag integrieren l\u00e4sst.<\/p>\n\n\n\n<p>Der Fokus liegt auf einer antientz\u00fcndlichen Ern\u00e4hrung in Kombination mit gezielten N\u00e4hrstoff- und Bewegungsstrategien.<\/p>\n\n\n\n<p>Bei Bedarf erg\u00e4nzen wir das Konzept durch therapeutische Ma\u00dfnahmen, beispielsweise eine maschinelle Lymphdrainage.<\/p>\n\n\n\n<p>Unsere Schwerpunkte:<\/p>\n\n\n\n<ul>\n<li>Lymph-, Lip\u00f6dem<\/li>\n\n\n\n<li>Wechseljahrbeschwerden<\/li>\n\n\n\n<li>Hashimoto<\/li>\n\n\n\n<li>Rheuma <\/li>\n\n\n\n<li>Diabetes und Wundheilungsst\u00f6rungen<\/li>\n\n\n\n<li>Arthose<\/li>\n\n\n\n<li>Gewichtsregulation bei Frauen<\/li>\n<\/ul>\n\n\n\n<p>Ziel unseres Coaching ist es, Ihre Gesundheit nachhaltig zu unterst\u00fctzen, Entz\u00fcndungsprozesse zu reduzieren und Ihr Wohlbefinden langfristig zu verbessern.<\/p>\n","protected":false},"excerpt":{"rendered":"<p>Individuelles Ern\u00e4hrungscoaching &#8211; abgestimmt auf Sie und ihren Lebensstil Unser Ern\u00e4hrungscoaching richtet sich ganz nach Ihnen als Mensch \u2013 mit all Ihren individuellen Bed\u00fcrfnissen, Ihrem Alltag und Ihren gesundheitlichen Voraussetzungen. Anhand einer ausf\u00fchrlichen Anamnese und Blutwertanalyse erstellen wir einen ma\u00dfgeschneiderten Ern\u00e4hrungsplan, der sich problemlos in Ihren Alltag integrieren l\u00e4sst. Der Fokus liegt auf einer antientz\u00fcndlichen &hellip; <\/p>\n<p class=\"link-more\"><a href=\"https:\/\/physiowerk-badditzenbach.de\/?page_id=301\" class=\"more-link\"><span class=\"screen-reader-text\">\u201eErn\u00e4hrungscoaching\u201c<\/span> weiterlesen<\/a><\/p>\n","protected":false},"author":1,"featured_media":0,"parent":0,"menu_order":0,"comment_status":"closed","ping_status":"closed","template":"","meta":{"footnotes":""},"_links":{"self":[{"href":"https:\/\/physiowerk-badditzenbach.de\/index.php?rest_route=\/wp\/v2\/pages\/301"}],"collection":[{"href":"https:\/\/physiowerk-badditzenbach.de\/index.php?rest_route=\/wp\/v2\/pages"}],"about":[{"href":"https:\/\/physiowerk-badditzenbach.de\/index.php?rest_route=\/wp\/v2\/types\/page"}],"author":[{"embeddable":true,"href":"https:\/\/physiowerk-badditzenbach.de\/index.php?rest_route=\/wp\/v2\/users\/1"}],"replies":[{"embeddable":true,"href":"https:\/\/physiowerk-badditzenbach.de\/index.php?rest_route=%2Fwp%2Fv2%2Fcomments&post=301"}],"version-history":[{"count":22,"href":"https:\/\/physiowerk-badditzenbach.de\/index.php?rest_route=\/wp\/v2\/pages\/301\/revisions"}],"predecessor-version":[{"id":471,"href":"https:\/\/physiowerk-badditzenbach.de\/index.php?rest_route=\/wp\/v2\/pages\/301\/revisions\/471"}],"wp:attachment":[{"href":"https:\/\/physiowerk-badditzenbach.de\/index.php?rest_route=%2Fwp%2Fv2%2Fmedia&parent=301"}],"curies":[{"name":"wp","href":"https:\/\/api.w.org\/{rel}","templated":true}]}}