{"id":352,"date":"2022-04-16T11:22:23","date_gmt":"2022-04-16T11:22:23","guid":{"rendered":"http:\/\/physiowerk-badditzenbach.de\/?page_id=352"},"modified":"2022-07-29T14:29:51","modified_gmt":"2022-07-29T14:29:51","slug":"ergotherapie","status":"publish","type":"page","link":"https:\/\/physiowerk-badditzenbach.de\/?page_id=352","title":{"rendered":"Ergotherapie"},"content":{"rendered":"\n<p class=\"has-text-color\" style=\"color:#00d111\"><em>&#8222;Auch der weiteste Weg beginnt mit einem Ersten Schritt&#8220;<\/em> <br>&#8211; Konfuzius<\/p>\n\n\n\n<p>Die Ziele der Ergotherapie ist die gr\u00f6\u00dftm\u00f6gliche Selbstst\u00e4ndigkeit und Unabh\u00e4ngigkeit im Alltags-, Schul-, und Berufsleben zu erlangen. Dabei verfolgt sie einen ganzheitlichen Ansatz.\u00a0Damit ist gemeint, dass nicht nur Bewegungsabl\u00e4ufe des K\u00f6rpers geschult werden, sondern das ganze menschliche System einbezogen wird. Es geht um Bewegung, Wahrnehmung, Aufmerksamkeit und harmonisches Zusammenwirken dieser Einzelaspekte.\u00a0<\/p>\n\n\n\n<p><\/p>\n\n\n\n<figure class=\"wp-block-image size-large\"><img loading=\"lazy\" decoding=\"async\" width=\"1024\" height=\"489\" src=\"https:\/\/physiowerk-badditzenbach.de\/wp-content\/uploads\/2022\/04\/Ergo-1-1024x489.jpg\" alt=\"\" class=\"wp-image-362\" srcset=\"https:\/\/physiowerk-badditzenbach.de\/wp-content\/uploads\/2022\/04\/Ergo-1-1024x489.jpg 1024w, https:\/\/physiowerk-badditzenbach.de\/wp-content\/uploads\/2022\/04\/Ergo-1-300x143.jpg 300w, https:\/\/physiowerk-badditzenbach.de\/wp-content\/uploads\/2022\/04\/Ergo-1-768x367.jpg 768w, https:\/\/physiowerk-badditzenbach.de\/wp-content\/uploads\/2022\/04\/Ergo-1.jpg 1236w\" sizes=\"(max-width: 767px) 89vw, (max-width: 1000px) 54vw, (max-width: 1071px) 543px, 580px\" \/><\/figure>\n\n\n\n<p><\/p>\n\n\n\n<p><strong>Behandlungsbereiche bei Kindern<\/strong><\/p>\n\n\n\n<ul><li>bei Verz\u00f6gerungen und Auff\u00e4lligkeiten der Entwicklung<\/li><li>Grob-, fein- und graphomotorische Auff\u00e4lligkeiten<\/li><li>Aufmerksamkeit und Konzentration<\/li><li>Wahrnehmung und Bewegungsablauf<\/li><li>Sozialverhalten<\/li><\/ul>\n\n\n\n<p><strong>Behandlungsbereiche bei Erwachsenen<\/strong><\/p>\n\n\n\n<ul><li>neurologische Erkrankungen und deren Folgen (z.B. Schlaganfall, Multiple Sklerose, Muskelerkrankungen)<\/li><li>Verletzungen des Muskel-, Sehnen-, Band- und Knochenapparates (z.B. Athrose, Frakturen, Osteoporose)<\/li><li>Formen der Demenz&nbsp;<\/li><li>altersbedingte Beeintr\u00e4chtigungen in Handlungsf\u00e4higkeiten&nbsp;<\/li><\/ul>\n","protected":false},"excerpt":{"rendered":"<p>&#8222;Auch der weiteste Weg beginnt mit einem Ersten Schritt&#8220; &#8211; Konfuzius Die Ziele der Ergotherapie ist die gr\u00f6\u00dftm\u00f6gliche Selbstst\u00e4ndigkeit und Unabh\u00e4ngigkeit im Alltags-, Schul-, und Berufsleben zu erlangen. Dabei verfolgt sie einen ganzheitlichen Ansatz.\u00a0Damit ist gemeint, dass nicht nur Bewegungsabl\u00e4ufe des K\u00f6rpers geschult werden, sondern das ganze menschliche System einbezogen wird. Es geht um Bewegung, &hellip; <\/p>\n<p class=\"link-more\"><a href=\"https:\/\/physiowerk-badditzenbach.de\/?page_id=352\" class=\"more-link\"><span class=\"screen-reader-text\">\u201eErgotherapie\u201c<\/span> weiterlesen<\/a><\/p>\n","protected":false},"author":1,"featured_media":0,"parent":0,"menu_order":0,"comment_status":"closed","ping_status":"closed","template":"","meta":{"footnotes":""},"_links":{"self":[{"href":"https:\/\/physiowerk-badditzenbach.de\/index.php?rest_route=\/wp\/v2\/pages\/352"}],"collection":[{"href":"https:\/\/physiowerk-badditzenbach.de\/index.php?rest_route=\/wp\/v2\/pages"}],"about":[{"href":"https:\/\/physiowerk-badditzenbach.de\/index.php?rest_route=\/wp\/v2\/types\/page"}],"author":[{"embeddable":true,"href":"https:\/\/physiowerk-badditzenbach.de\/index.php?rest_route=\/wp\/v2\/users\/1"}],"replies":[{"embeddable":true,"href":"https:\/\/physiowerk-badditzenbach.de\/index.php?rest_route=%2Fwp%2Fv2%2Fcomments&post=352"}],"version-history":[{"count":5,"href":"https:\/\/physiowerk-badditzenbach.de\/index.php?rest_route=\/wp\/v2\/pages\/352\/revisions"}],"predecessor-version":[{"id":386,"href":"https:\/\/physiowerk-badditzenbach.de\/index.php?rest_route=\/wp\/v2\/pages\/352\/revisions\/386"}],"wp:attachment":[{"href":"https:\/\/physiowerk-badditzenbach.de\/index.php?rest_route=%2Fwp%2Fv2%2Fmedia&parent=352"}],"curies":[{"name":"wp","href":"https:\/\/api.w.org\/{rel}","templated":true}]}}